{"id":1223,"date":"2017-08-15T19:09:17","date_gmt":"2017-08-15T17:09:17","guid":{"rendered":"http:\/\/cms.ensemble-megaphon.com\/?page_id=1223"},"modified":"2021-07-12T01:51:44","modified_gmt":"2021-07-11T23:51:44","slug":"press","status":"publish","type":"page","link":"https:\/\/www.ensemble-megaphon.com\/en\/presse\/","title":{"rendered":"What the press says"},"content":{"rendered":"<p>[et_pb_section bb_built=&#8220;1&#8243; fullwidth=&#8220;on&#8220; specialty=&#8220;off&#8220; _builder_version=&#8220;3.0.61&#8243; custom_css_main_element=&#8220;z-index:999;&#8220; background_position=&#8220;top_center&#8220; locked=&#8220;on&#8220; disabled_on=&#8220;off|off|off&#8220; disabled=&#8220;off&#8220; inner_width=&#8220;auto&#8220; inner_max_width=&#8220;none&#8220; next_background_color=&#8220;#000000&#8243;][et_pb_fullwidth_image _builder_version=&#8220;3.0.61&#8243; show_in_lightbox=&#8220;off&#8220; url_new_window=&#8220;off&#8220; src=&#8220;https:\/\/www.ensemble-megaphon.com\/wp-content\/uploads\/2017\/07\/divider_top.png&#8220; use_overlay=&#8220;off&#8220; border_style=&#8220;solid&#8220; animation=&#8220;off&#8220; background_position=&#8220;top_left&#8220; background_repeat=&#8220;repeat&#8220; background_size=&#8220;initial&#8220; parent_locked=&#8220;on&#8220; animation_style=&#8220;none&#8220; animation_duration=&#8220;1000ms&#8220; animation_intensity_slide=&#8220;50%&#8220; \/][\/et_pb_section][et_pb_section bb_built=&#8220;1&#8243; fullwidth=&#8220;off&#8220; specialty=&#8220;off&#8220; _builder_version=&#8220;3.0.61&#8243; custom_css_main_element=&#8220;margin-top:-67px; z-index:1;&#8220; background_image=&#8220;https:\/\/www.ensemble-megaphon.com\/wp-content\/uploads\/2017\/07\/ensemble-megaphon-slider6-4.jpg&#8220; background_position=&#8220;top_center&#8220; disabled_on=&#8220;on|on|&#8220; disabled=&#8220;off&#8220; inner_width=&#8220;auto&#8220; inner_max_width=&#8220;none&#8220; prev_background_color=&#8220;#ffffff&#8220; next_background_color=&#8220;#ffffff&#8220;][et_pb_row][et_pb_column type=&#8220;1_4&#8243;][\/et_pb_column][et_pb_column type=&#8220;1_2&#8243;][et_pb_image admin_label=&#8220;EM_Logo gelb&#8220; _builder_version=&#8220;3.0.61&#8243; src=&#8220;https:\/\/www.ensemble-megaphon.com\/wp-content\/uploads\/2017\/07\/em_logo2_gelb_500.png&#8220; show_in_lightbox=&#8220;off&#8220; url_new_window=&#8220;off&#8220; use_overlay=&#8220;off&#8220; sticky=&#8220;off&#8220; align=&#8220;center&#8220; always_center_on_mobile=&#8220;on&#8220; border_style=&#8220;solid&#8220; max_width=&#8220;500px&#8220; max_width_phone=&#8220;300px&#8220; max_width_last_edited=&#8220;on|tablet&#8220; force_fullwidth=&#8220;off&#8220; animation=&#8220;fade_in&#8220; saved_tabs=&#8220;all&#8220; global_module=&#8220;944&#8243; locked=&#8220;on&#8220; animation_style=&#8220;fade&#8220; animation_duration=&#8220;500ms&#8220; animation_intensity_slide=&#8220;10%&#8220; animation_direction=&#8220;center&#8220; show_bottom_space=&#8220;on&#8220; \/][\/et_pb_column][et_pb_column type=&#8220;1_4&#8243;][\/et_pb_column][\/et_pb_row][\/et_pb_section][et_pb_section bb_built=&#8220;1&#8243; fullwidth=&#8220;off&#8220; specialty=&#8220;off&#8220; _builder_version=&#8220;3.0.61&#8243; custom_css_main_element=&#8220;margin-top:-67px; z-index:1;&#8220; background_image=&#8220;https:\/\/www.ensemble-megaphon.com\/wp-content\/uploads\/2017\/07\/ensemble-megaphon-slider6-4.jpg&#8220; background_position=&#8220;top_center&#8220; disabled_on=&#8220;off|off|on&#8220; disabled=&#8220;off&#8220; custom_padding=&#8220;0px||0px|&#8220; inner_width=&#8220;auto&#8220; inner_max_width=&#8220;none&#8220; prev_background_color=&#8220;#ffffff&#8220; next_background_color=&#8220;#ffffff&#8220;][et_pb_row][et_pb_column type=&#8220;1_3&#8243;][\/et_pb_column][et_pb_column type=&#8220;1_3&#8243;][et_pb_image admin_label=&#8220;EM_Logo gelb&#8220; _builder_version=&#8220;3.0.61&#8243; src=&#8220;https:\/\/www.ensemble-megaphon.com\/wp-content\/uploads\/2017\/07\/em_logo2_gelb_500-1.png&#8220; show_in_lightbox=&#8220;off&#8220; url_new_window=&#8220;off&#8220; use_overlay=&#8220;off&#8220; sticky=&#8220;off&#8220; align=&#8220;center&#8220; always_center_on_mobile=&#8220;on&#8220; border_style=&#8220;solid&#8220; max_width=&#8220;500px&#8220; max_width_phone=&#8220;250px&#8220; max_width_last_edited=&#8220;on|tablet&#8220; force_fullwidth=&#8220;off&#8220; animation=&#8220;fade_in&#8220; saved_tabs=&#8220;all&#8220; locked=&#8220;on&#8220; max_width_tablet=&#8220;300px&#8220; custom_margin=&#8220;33px|||&#8220; parent_locked=&#8220;off&#8220; global_module=&#8220;1364&#8243; animation_style=&#8220;fade&#8220; animation_duration=&#8220;500ms&#8220; animation_intensity_slide=&#8220;10%&#8220; animation_direction=&#8220;center&#8220; show_bottom_space=&#8220;on&#8220; \/][\/et_pb_column][et_pb_column type=&#8220;1_3&#8243;][\/et_pb_column][\/et_pb_row][\/et_pb_section][et_pb_section bb_built=&#8220;1&#8243; fullwidth=&#8220;off&#8220; specialty=&#8220;off&#8220; _builder_version=&#8220;3.0.61&#8243; background_image=&#8220;https:\/\/www.ensemble-megaphon.com\/wp-content\/uploads\/2017\/07\/divider_top_2-1.png&#8220; background_position=&#8220;top_center&#8220; custom_css_main_element=&#8220;margin-top:-62px; z-index:9999; padding:0px; margin-bottom:0px;&#8220; disabled=&#8220;off&#8220; disabled_on=&#8220;off|off|off&#8220; locked=&#8220;on&#8220; inner_width=&#8220;auto&#8220; inner_max_width=&#8220;none&#8220; prev_background_color=&#8220;#ffffff&#8220; next_background_color=&#8220;#ffffff&#8220;][et_pb_row background_position=&#8220;top_left&#8220; background_repeat=&#8220;repeat&#8220; background_size=&#8220;initial&#8220; parent_locked=&#8220;on&#8220; width=&#8220;80%&#8220; max_width=&#8220;1080px&#8220;][et_pb_column type=&#8220;4_4&#8243;][et_pb_divider _builder_version=&#8220;3.0.61&#8243; divider_style=&#8220;solid&#8220; divider_position=&#8220;top&#8220; height=&#8220;70&#8243; hide_on_mobile=&#8220;on&#8220; parent_locked=&#8220;on&#8220; disabled_on=&#8220;on|on|off&#8220; color=&#8220;#ffffff&#8220; show_divider=&#8220;off&#8220; \/][\/et_pb_column][\/et_pb_row][\/et_pb_section][et_pb_section bb_built=&#8220;1&#8243; fullwidth=&#8220;off&#8220; specialty=&#8220;off&#8220; _builder_version=&#8220;3.0.60&#8243; module_class=&#8220;big-triangle&#8220; background_color=&#8220;#ffffff&#8220; inner_width=&#8220;auto&#8220; inner_max_width=&#8220;none&#8220; prev_background_color=&#8220;#000000&#8243; next_background_color=&#8220;#000000&#8243;][et_pb_row][et_pb_column type=&#8220;2_3&#8243;][et_pb_post_title admin_label=&#8220;Projekttitel (auto)&#8220; _builder_version=&#8220;3.0.61&#8243; title=&#8220;on&#8220; meta=&#8220;off&#8220; author=&#8220;on&#8220; date=&#8220;on&#8220; categories=&#8220;on&#8220; comments=&#8220;on&#8220; featured_image=&#8220;off&#8220; featured_placement=&#8220;below&#8220; parallax_method=&#8220;on&#8220; text_orientation=&#8220;left&#8220; text_color=&#8220;dark&#8220; text_background=&#8220;off&#8220; border_style=&#8220;solid&#8220; title_font_size=&#8220;34px&#8220; title_text_color=&#8220;#232323&#8243; saved_tabs=&#8220;all&#8220; title_font=&#8220;|on|||&#8220; custom_css_post_title=&#8220;background-color:#ffe400; padding:10px;&#8220; custom_css_main_element=&#8220;margin-left:-30px;&#8220; parent_locked=&#8220;off&#8220; locked=&#8220;on&#8220; title_font_size_tablet=&#8220;26px&#8220; title_font_size_phone=&#8220;20px&#8220; title_font_size_last_edited=&#8220;on|phone&#8220; global_module=&#8220;1384&#8243; \/][\/et_pb_column][et_pb_column type=&#8220;1_3&#8243;][\/et_pb_column][\/et_pb_row][et_pb_row][et_pb_column type=&#8220;2_3&#8243;][et_pb_text admin_label=&#8220;Zitat&#8220; _builder_version=&#8220;3.0.61&#8243; background_layout=&#8220;light&#8220; text_orientation=&#8220;left&#8220; border_style=&#8220;solid&#8220;]<\/p>\n<p>\n<strong>\u201eEin Gesamtkunstwerk aus Raum, Klang, Licht und Bewegung\u201c<\/strong><br \/>\n<em>Zu den unterschiedlichen Musiken folgten Verwandlungen des Raumes durch Licht und Videoprojektionen. Zun\u00e4chst wirkten diese wie sich bewegende Wasserfl\u00e4chen, dann griff man auf Engelszeichnungen Paul Klees zur\u00fcck, die man in Bewegung setzte. Und letztlich zeigten die sich bewegenden Videoprojektionen auch die lichtumrandeten Konturen der mit Leuchtstreifen beklebten Musiker, aber eben nicht als eins-zu-eins-Wiedergabe des gerade zu Erlebenden, sondern als Aufzeichnung von vorher Gespieltem. Nicht immer waren diese Lichtprojektionen gekennzeichnet von Bewegung, es gab auch Momente, in denen der ganze Raum als Architektur durch eine viele S\u00e4ulen nachzeichnende Beleuchtung wie erstarrt wirkte. <\/em><em>Es war ein h\u00f6chst eindrucksvoller Abend grenz\u00fcberschreitender Kunst.<\/em><\/p>\n<p style=\"text-align: right;\">R. Hanke (Cellersche Zeitung, 19.11.2016 &#8211; zu <a href=\"https:\/\/www.ensemble-megaphon.com\/project\/auf-engelsfluegeln\/\">Auf Engelsfl\u00fcgeln<\/a>)<\/p>\n<p>[\/et_pb_text][et_pb_divider _builder_version=&#8220;3.0.61&#8243; show_divider=&#8220;on&#8220; color=&#8220;#ffe400&#8243; divider_style=&#8220;solid&#8220; divider_position=&#8220;center&#8220; divider_weight=&#8220;3&#8243; hide_on_mobile=&#8220;off&#8220; saved_tabs=&#8220;all&#8220; global_module=&#8220;992&#8243; \/][et_pb_text admin_label=&#8220;Zitat&#8220; _builder_version=&#8220;3.0.61&#8243; background_layout=&#8220;light&#8220; text_orientation=&#8220;left&#8220; border_style=&#8220;solid&#8220;]<\/p>\n<p>\n<strong>\u201eErkl\u00e4rungen f\u00fcr Regen \u2013 The Rain Passed Over\u201c<br \/>\n<\/strong><em>\u201e\u2026Ensemble Megaphon setzt die hierf\u00fcr erdachten Kl\u00e4nge mit Pr\u00e4zision und Empathie um. Auch die Sopranistinnen Olivia Stahn und Sophia K\u00f6rber sowie Bariton Daniel Gloger bringen sich mit ihren musikalischen Pers\u00f6nlichkeiten ein.<br \/>\n\u201eThe Rain Passed Over\u201c gelingen subtile klangliche Gratwanderungen zwischen Fragmentierung, Dekonstruktion, Paraphrase und Verdichtung. Die Protagonisten scheitern an einer gemeinsamen Sprache. Das Ensemble keinesfalls\u2026\u201cder Kunst.<\/em><\/p>\n<p style=\"text-align: right;\">Thomas Kaestle (HAZ, 03\/2017 &#8211; zu <a href=\"https:\/\/www.ensemble-megaphon.com\/project\/the-rain-passed-over\/\">The Rain Passed Over<\/a>)<\/p>\n<p>[\/et_pb_text][\/et_pb_column][et_pb_column type=&#8220;1_3&#8243;][et_pb_text admin_label=&#8220;Pressekontakt&#8220; _builder_version=&#8220;3.22.7&#8243; text_text_shadow_horizontal_length=&#8220;text_text_shadow_style,%91object Object%93&#8243; text_text_shadow_vertical_length=&#8220;text_text_shadow_style,%91object Object%93&#8243; text_text_shadow_blur_strength=&#8220;text_text_shadow_style,%91object Object%93&#8243; link_text_shadow_horizontal_length=&#8220;link_text_shadow_style,%91object Object%93&#8243; link_text_shadow_vertical_length=&#8220;link_text_shadow_style,%91object Object%93&#8243; link_text_shadow_blur_strength=&#8220;link_text_shadow_style,%91object Object%93&#8243; ul_text_shadow_horizontal_length=&#8220;ul_text_shadow_style,%91object Object%93&#8243; ul_text_shadow_vertical_length=&#8220;ul_text_shadow_style,%91object Object%93&#8243; ul_text_shadow_blur_strength=&#8220;ul_text_shadow_style,%91object Object%93&#8243; ol_text_shadow_horizontal_length=&#8220;ol_text_shadow_style,%91object Object%93&#8243; ol_text_shadow_vertical_length=&#8220;ol_text_shadow_style,%91object Object%93&#8243; ol_text_shadow_blur_strength=&#8220;ol_text_shadow_style,%91object Object%93&#8243; quote_text_shadow_horizontal_length=&#8220;quote_text_shadow_style,%91object Object%93&#8243; quote_text_shadow_vertical_length=&#8220;quote_text_shadow_style,%91object Object%93&#8243; quote_text_shadow_blur_strength=&#8220;quote_text_shadow_style,%91object Object%93&#8243; header_text_shadow_horizontal_length=&#8220;header_text_shadow_style,%91object Object%93&#8243; header_text_shadow_vertical_length=&#8220;header_text_shadow_style,%91object Object%93&#8243; header_text_shadow_blur_strength=&#8220;header_text_shadow_style,%91object Object%93&#8243; header_2_text_shadow_horizontal_length=&#8220;header_2_text_shadow_style,%91object Object%93&#8243; header_2_text_shadow_vertical_length=&#8220;header_2_text_shadow_style,%91object Object%93&#8243; header_2_text_shadow_blur_strength=&#8220;header_2_text_shadow_style,%91object Object%93&#8243; header_3_text_shadow_horizontal_length=&#8220;header_3_text_shadow_style,%91object Object%93&#8243; header_3_text_shadow_vertical_length=&#8220;header_3_text_shadow_style,%91object Object%93&#8243; header_3_text_shadow_blur_strength=&#8220;header_3_text_shadow_style,%91object Object%93&#8243; header_4_text_shadow_horizontal_length=&#8220;header_4_text_shadow_style,%91object Object%93&#8243; header_4_text_shadow_vertical_length=&#8220;header_4_text_shadow_style,%91object Object%93&#8243; header_4_text_shadow_blur_strength=&#8220;header_4_text_shadow_style,%91object Object%93&#8243; header_5_text_shadow_horizontal_length=&#8220;header_5_text_shadow_style,%91object Object%93&#8243; header_5_text_shadow_vertical_length=&#8220;header_5_text_shadow_style,%91object Object%93&#8243; header_5_text_shadow_blur_strength=&#8220;header_5_text_shadow_style,%91object Object%93&#8243; header_6_text_shadow_horizontal_length=&#8220;header_6_text_shadow_style,%91object Object%93&#8243; header_6_text_shadow_vertical_length=&#8220;header_6_text_shadow_style,%91object Object%93&#8243; header_6_text_shadow_blur_strength=&#8220;header_6_text_shadow_style,%91object Object%93&#8243; z_index_tablet=&#8220;500&#8243;]<\/p>\n<h3>Pressekontakt<\/h3>\n<p><strong>Claudia Pahl<\/strong><br \/>Tel. 0511. 80 29 34<br \/><a href=\"mailto:klang@wandkontakt.net\">klang@wandkontakt.net<\/a><\/p>\n<p>[\/et_pb_text][\/et_pb_column][\/et_pb_row][\/et_pb_section][et_pb_section bb_built=&#8220;1&#8243; fullwidth=&#8220;on&#8220; specialty=&#8220;off&#8220; _builder_version=&#8220;3.0.61&#8243; background_position=&#8220;top_center&#8220; locked=&#8220;on&#8220; disabled_on=&#8220;off|off|off&#8220; disabled=&#8220;off&#8220; background_color=&#8220;#ffffff&#8220; inner_width=&#8220;auto&#8220; inner_max_width=&#8220;none&#8220; prev_background_color=&#8220;#000000&#8243;][et_pb_fullwidth_image admin_label=&#8220;Footer-Grafik&#8220; _builder_version=&#8220;3.0.61&#8243; show_in_lightbox=&#8220;off&#8220; url_new_window=&#8220;off&#8220; src=&#8220;https:\/\/www.ensemble-megaphon.com\/wp-content\/uploads\/2017\/07\/divider_btn-1.png&#8220; use_overlay=&#8220;off&#8220; border_style=&#8220;solid&#8220; animation=&#8220;off&#8220; background_position=&#8220;top_left&#8220; background_repeat=&#8220;repeat&#8220; background_size=&#8220;initial&#8220; parent_locked=&#8220;on&#8220; animation_style=&#8220;none&#8220; animation_duration=&#8220;1000ms&#8220; animation_intensity_slide=&#8220;50%&#8220; \/][\/et_pb_section]<\/p>\n","protected":false},"excerpt":{"rendered":"<p>[et_pb_section bb_built=&#8220;1&#8243; fullwidth=&#8220;on&#8220; specialty=&#8220;off&#8220; _builder_version=&#8220;3.0.61&#8243; custom_css_main_element=&#8220;z-index:999;&#8220; background_position=&#8220;top_center&#8220; locked=&#8220;on&#8220; disabled_on=&#8220;off|off|off&#8220; disabled=&#8220;off&#8220; inner_width=&#8220;auto&#8220; inner_max_width=&#8220;none&#8220; next_background_color=&#8220;#000000&#8243;][et_pb_fullwidth_image _builder_version=&#8220;3.0.61&#8243; show_in_lightbox=&#8220;off&#8220; url_new_window=&#8220;off&#8220; src=&#8220;https:\/\/www.ensemble-megaphon.com\/wp-content\/uploads\/2017\/07\/divider_top.png&#8220; use_overlay=&#8220;off&#8220; border_style=&#8220;solid&#8220; animation=&#8220;off&#8220; background_position=&#8220;top_left&#8220; background_repeat=&#8220;repeat&#8220; background_size=&#8220;initial&#8220; parent_locked=&#8220;on&#8220; animation_style=&#8220;none&#8220; animation_duration=&#8220;1000ms&#8220; animation_intensity_slide=&#8220;50%&#8220; \/][\/et_pb_section][et_pb_section bb_built=&#8220;1&#8243; fullwidth=&#8220;off&#8220; specialty=&#8220;off&#8220; _builder_version=&#8220;3.0.61&#8243; custom_css_main_element=&#8220;margin-top:-67px; z-index:1;&#8220; background_image=&#8220;https:\/\/www.ensemble-megaphon.com\/wp-content\/uploads\/2017\/07\/ensemble-megaphon-slider6-4.jpg&#8220; background_position=&#8220;top_center&#8220; disabled_on=&#8220;on|on|&#8220; disabled=&#8220;off&#8220; inner_width=&#8220;auto&#8220; inner_max_width=&#8220;none&#8220; prev_background_color=&#8220;#ffffff&#8220; next_background_color=&#8220;#ffffff&#8220;][et_pb_row][et_pb_column type=&#8220;1_4&#8243;][\/et_pb_column][et_pb_column type=&#8220;1_2&#8243;][et_pb_image admin_label=&#8220;EM_Logo gelb&#8220; _builder_version=&#8220;3.0.61&#8243; src=&#8220;https:\/\/www.ensemble-megaphon.com\/wp-content\/uploads\/2017\/07\/em_logo2_gelb_500.png&#8220; show_in_lightbox=&#8220;off&#8220; url_new_window=&#8220;off&#8220; use_overlay=&#8220;off&#8220; sticky=&#8220;off&#8220; align=&#8220;center&#8220; always_center_on_mobile=&#8220;on&#8220; border_style=&#8220;solid&#8220; [&hellip;]<\/p>\n","protected":false},"author":7,"featured_media":0,"parent":0,"menu_order":4,"comment_status":"closed","ping_status":"closed","template":"","meta":{"_acf_changed":false,"site-sidebar-layout":"default","site-content-layout":"","ast-site-content-layout":"default","site-content-style":"default","site-sidebar-style":"default","ast-global-header-display":"","ast-banner-title-visibility":"","ast-main-header-display":"","ast-hfb-above-header-display":"","ast-hfb-below-header-display":"","ast-hfb-mobile-header-display":"","site-post-title":"disabled","ast-breadcrumbs-content":"","ast-featured-img":"","footer-sml-layout":"","ast-disable-related-posts":"","theme-transparent-header-meta":"","adv-header-id-meta":null,"stick-header-meta":"","header-above-stick-meta":null,"header-main-stick-meta":"","header-below-stick-meta":null,"astra-migrate-meta-layouts":"default","ast-page-background-enabled":"default","ast-page-background-meta":{"desktop":{"background-color":"","background-image":"","background-repeat":"repeat","background-position":"center center","background-size":"auto","background-attachment":"scroll","background-type":"","background-media":"","overlay-type":"","overlay-color":"","overlay-opacity":"","overlay-gradient":""},"tablet":{"background-color":"","background-image":"","background-repeat":"repeat","background-position":"center center","background-size":"auto","background-attachment":"scroll","background-type":"","background-media":"","overlay-type":"","overlay-color":"","overlay-opacity":"","overlay-gradient":""},"mobile":{"background-color":"","background-image":"","background-repeat":"repeat","background-position":"center center","background-size":"auto","background-attachment":"scroll","background-type":"","background-media":"","overlay-type":"","overlay-color":"","overlay-opacity":"","overlay-gradient":""}},"ast-content-background-meta":{"desktop":{"background-color":"var(--ast-global-color-5)","background-image":"","background-repeat":"repeat","background-position":"center center","background-size":"auto","background-attachment":"scroll","background-type":"","background-media":"","overlay-type":"","overlay-color":"","overlay-opacity":"","overlay-gradient":""},"tablet":{"background-color":"var(--ast-global-color-5)","background-image":"","background-repeat":"repeat","background-position":"center center","background-size":"auto","background-attachment":"scroll","background-type":"","background-media":"","overlay-type":"","overlay-color":"","overlay-opacity":"","overlay-gradient":""},"mobile":{"background-color":"var(--ast-global-color-5)","background-image":"","background-repeat":"repeat","background-position":"center center","background-size":"auto","background-attachment":"scroll","background-type":"","background-media":"","overlay-type":"","overlay-color":"","overlay-opacity":"","overlay-gradient":""}},"footnotes":""},"class_list":["post-1223","page","type-page","status-publish","hentry"],"acf":[],"_links":{"self":[{"href":"https:\/\/www.ensemble-megaphon.com\/en\/wp-json\/wp\/v2\/pages\/1223","targetHints":{"allow":["GET"]}}],"collection":[{"href":"https:\/\/www.ensemble-megaphon.com\/en\/wp-json\/wp\/v2\/pages"}],"about":[{"href":"https:\/\/www.ensemble-megaphon.com\/en\/wp-json\/wp\/v2\/types\/page"}],"author":[{"embeddable":true,"href":"https:\/\/www.ensemble-megaphon.com\/en\/wp-json\/wp\/v2\/users\/7"}],"replies":[{"embeddable":true,"href":"https:\/\/www.ensemble-megaphon.com\/en\/wp-json\/wp\/v2\/comments?post=1223"}],"version-history":[{"count":0,"href":"https:\/\/www.ensemble-megaphon.com\/en\/wp-json\/wp\/v2\/pages\/1223\/revisions"}],"wp:attachment":[{"href":"https:\/\/www.ensemble-megaphon.com\/en\/wp-json\/wp\/v2\/media?parent=1223"}],"curies":[{"name":"wp","href":"https:\/\/api.w.org\/{rel}","templated":true}]}}