{"id":1398,"date":"2017-08-23T19:28:13","date_gmt":"2017-08-23T17:28:13","guid":{"rendered":"http:\/\/cms.ensemble-megaphon.com\/?page_id=1398"},"modified":"2022-04-25T19:32:51","modified_gmt":"2022-04-25T17:32:51","slug":"date-archive","status":"publish","type":"page","link":"https:\/\/www.ensemble-megaphon.com\/en\/terminarchiv\/","title":{"rendered":"Termin-Archiv"},"content":{"rendered":"<h1>Archive<\/h1>\r\n<p><a title=\"Starting from Sketch\" href=\"https:\/\/www.ensemble-megaphon.com\/en\/starting-from-sketch\/\" target=\"_self\" rel=\"noopener\"> <img decoding=\"async\" src=\"https:\/\/www.ensemble-megaphon.com\/wp-content\/uploads\/2021\/12\/poster-starting-from-sketch-600x200.png\" alt=\"Poster: Starting from sketch\" \/> <\/a><\/p>\r\n<h3><a tabindex=\"0\" title=\"Starting from Sketch\" href=\"https:\/\/www.ensemble-megaphon.com\/en\/starting-from-sketch\/\">Starting from Sketch<\/a><\/h3>\r\n<p>Musik-Bild-Licht- Konzert Fr, 17.12. und Sa, 18.12.2021, jeweils 19 Uhr Kommunales Kino Hannover Eintritt 12\/10 \u20ac VVK: Kommunales Kino Die drei Kompositionen dieses Konzerts beruhen auf demselben Konzept: der musikalisch-darstellerischen Interpretation einer visuellen Vorlage. Drei Arbeiten von Bildenden K\u00fcnstler*innen dienen den Komponist*innen und Musiker*innen als Inspirationsquelle, als skulpturales Instrument oder als dynamische Partitur. Dieses Konzert \u2026<\/p>\r\n<p><a href=\"https:\/\/www.ensemble-megaphon.com\/en\/starting-from-sketch\/\"> Starting from Sketch Read More \u00bb<\/a><\/p>\r\n<p><a role=\"button\" href=\"https:\/\/www.ensemble-megaphon.com\/en\/starting-from-sketch\/\" target=\"_self\" rel=\"noopener\" aria-label=\"Details\"> Details <\/a> <a title=\"Songs\" href=\"https:\/\/www.ensemble-megaphon.com\/en\/songs\/\" target=\"_self\" rel=\"noopener\"> <img decoding=\"async\" src=\"https:\/\/www.ensemble-megaphon.com\/wp-content\/uploads\/2021\/10\/songs-ensembel-megaphon-ghazalehghazanfarigmail-600x338.jpg\" alt=\"\" \/> <\/a><\/p>\r\n<h3><a tabindex=\"0\" title=\"Songs\" href=\"https:\/\/www.ensemble-megaphon.com\/en\/songs\/\">Songs<\/a><\/h3>\r\n<p>SONGS performatives Konzert mit zeitgen\u00f6ssischen Liedern 14. November 2021, 19 Uhr Kommunales Kino Hannover Eintritt 12\/10 \u20ac VVK: Kino im K\u00fcnstlerhaus \u00a0Zeitgen\u00f6ssische Komponist*innen stehen im \u00a0Fokus dieses Programmes. Ausgangspunkt sind die Songs der Irin Jenifer Walshe, die wir mit Liedern anderer zeitgen\u00f6ssischer Komponist*innen konterkarieren. Alle St\u00fccke beinhalten performative und szenische Elemente und bewegen sich flie\u00dfend \u2026<\/p>\r\n<p><a href=\"https:\/\/www.ensemble-megaphon.com\/en\/songs\/\"> Songs Read More \u00bb<\/a><\/p>\r\n<p><a role=\"button\" href=\"https:\/\/www.ensemble-megaphon.com\/en\/songs\/\" target=\"_self\" rel=\"noopener\" aria-label=\"Details\"> Details <\/a> <a title=\"Der m\u00fcde Tod - Livevertonung\" href=\"https:\/\/www.ensemble-megaphon.com\/en\/the-muede-death-live-scoring\/\" target=\"_self\" rel=\"noopener\"> <img decoding=\"async\" src=\"https:\/\/www.ensemble-megaphon.com\/wp-content\/uploads\/2021\/09\/dermuedetod-600x338.jpg\" alt=\"\" \/> <\/a><\/p>\r\n<h3><a tabindex=\"0\" title=\"Der m\u00fcde Tod - Livevertonung\" href=\"https:\/\/www.ensemble-megaphon.com\/en\/the-muede-death-live-scoring\/\">Der m\u00fcde Tod &#8211; Livevertonung<\/a><\/h3>\r\n<p>Sonntag 10.10.2021, um 19:00 Uhr im Kommunalen Kino Hannover. Routenplaner (Google Maps) Live Vertonung des legend\u00e4ren Stummfilms&#8220; Der m\u00fcde Tod&#8220; vom Fritz Lang von 1921 Besetzung: Lenka Zupkova \u00a0\u00a0Violine, live Elektronik Vlady Bystrov \u00a0\u00a0\u00a0Blasinstrumente, live Elektronik Tatjana Prelevic \u00a0Klavier, Objekte Plakat (PDF) <a role=\"button\" href=\"https:\/\/www.ensemble-megaphon.com\/en\/the-muede-death-live-scoring\/\" target=\"_self\" rel=\"noopener\" aria-label=\"Details\"> Details <\/a> <a title=\"Moving Spaces\" href=\"https:\/\/www.ensemble-megaphon.com\/en\/moving-spaces\/\" target=\"_self\" rel=\"noopener\"> <img decoding=\"async\" src=\"https:\/\/www.ensemble-megaphon.com\/wp-content\/uploads\/2021\/08\/moving-spaces-web-600x400.jpg\" alt=\"Photo Ensemble Megaphon for Moving Spaces project\" \/> <\/a><\/p>\r\n<h3><a tabindex=\"0\" title=\"Moving Spaces\" href=\"https:\/\/www.ensemble-megaphon.com\/en\/moving-spaces\/\">Moving Spaces<\/a><\/h3>\r\n<p>Fr, 10.9.2021; 19 Uhr St\u00e4dtisches Museum Braunschweig, Steintorwall 14, 38100 Braunschweig Eintritt frei Sa, 11.9. 2021; 15 Uhr im Rahmen des Festival Musik 21 Niedersachsen, Warenannahme im Kulturzentrum Faust Eintritt siehe folgenden Link auf Musik 21 In seinem neuen Programm \u201eMoving Spaces&#8220; untersucht das Ensemble Megaphon erneut und mit gro\u00dfer Spielfreude unterschiedliche \u00c4sthetikern und Klangm\u00f6glichkeiten \u2026<\/p>\r\n<p><a href=\"https:\/\/www.ensemble-megaphon.com\/en\/moving-spaces\/\"> Moving Spaces Read More \u00bb<\/a><\/p>\r\n<p>The production has already been played. <a role=\"button\" href=\"https:\/\/www.ensemble-megaphon.com\/en\/moving-spaces\/\" target=\"_self\" rel=\"noopener\" aria-label=\"Details\"> Details <\/a> <a title=\"Infectus Hanover\" href=\"https:\/\/www.ensemble-megaphon.com\/en\/infectus-hannover\/\" target=\"_self\" rel=\"noopener\"> <img decoding=\"async\" src=\"https:\/\/www.ensemble-megaphon.com\/wp-content\/uploads\/2021\/06\/Infectus-Ensemble-Megaphon-600x600.jpeg\" alt=\"\" \/> <\/a> <a href=\"https:\/\/www.ensemble-megaphon.com\/en\/tag\/event\/\">Event<\/a><\/p>\r\n<h3><a tabindex=\"0\" title=\"Infectus Hanover\" href=\"https:\/\/www.ensemble-megaphon.com\/en\/infectus-hannover\/\">Infectus Hanover<\/a><\/h3>\r\n<p>With the musical-theatrical city walk INFECTUS HANNOVER, Ensemble Megaphon strolls along the historic pandemic sites in the city centre.  In a sensual, visually powerful and provocative way, the memories of surviving pandemics and the connections to today become tangible.<br \/>DO\/FR\/SA\/SO - 1.7. - 4.7. \/ 8.7.-11.7.2021, 19.00 - 21.30 in each case<br \/>Meeting point: Entrance Nicolaikapelle, Goseriede<br \/><a role=\"button\" href=\"https:\/\/www.ensemble-megaphon.com\/en\/infectus-hannover\/\" target=\"_self\" rel=\"noopener\" aria-label=\"Details\"> Details <\/a> <a title=\"Tightrope walker without net\" href=\"https:\/\/www.ensemble-megaphon.com\/en\/tightrope-walker-without-net\/\" target=\"_self\" rel=\"noopener\"> <img decoding=\"async\" src=\"https:\/\/www.ensemble-megaphon.com\/wp-content\/uploads\/2020\/08\/seiltaenzerin-gghazanfai1-web-600x338.jpg\" alt=\"Bild zu Produktion Seilt\u00e4nzerin ohne Netz\" \/> <\/a> <a href=\"https:\/\/www.ensemble-megaphon.com\/en\/tag\/event\/\">Event<\/a><\/p>\r\n<h3><a tabindex=\"0\" title=\"Tightrope walker without net\" href=\"https:\/\/www.ensemble-megaphon.com\/en\/tightrope-walker-without-net\/\">Tightrope walker without net<\/a><\/h3>\r\n<h5>SoundTRAX Open Air -Music and Film at the Summer Cinema<\/h5>\r\n<p>Ein zweiteiliger Abend mit Gedichten von Mascha Kaleko und Musikimprovisationen und der Live-Vertonung des Stummfilmklassikers <strong><i>People on Sunday<\/i><\/strong> by Robert Siodmak.<\/p>\r\n<p><a role=\"button\" href=\"https:\/\/www.ensemble-megaphon.com\/en\/tightrope-walker-without-net\/\" target=\"_self\" rel=\"noopener\" aria-label=\"Details\"> Details <\/a> <a title=\"Moves\" href=\"https:\/\/www.ensemble-megaphon.com\/en\/moving-four-concert-walks\/\" target=\"_self\" rel=\"noopener\"> <img decoding=\"async\" src=\"https:\/\/www.ensemble-megaphon.com\/wp-content\/uploads\/2021\/04\/Bewegt.jpg\" alt=\"Bewegt - vier Konzertbegehungen Titelbild\" \/> <\/a> <a href=\"https:\/\/www.ensemble-megaphon.com\/en\/tag\/event\/\">Event<\/a><\/p>\r\n<h3><a tabindex=\"0\" title=\"Moves\" href=\"https:\/\/www.ensemble-megaphon.com\/en\/moving-four-concert-walks\/\">Moves<\/a><\/h3>\r\n<h5>Four concert tours<\/h5>\r\n<p>Our ensemble on sounding walks and paths of discovery. Sound-moving forays through musical epochs and improvisations form the rhythms for each excursion.<\/p>\r\n<p>The production has already been played. <a role=\"button\" href=\"https:\/\/www.ensemble-megaphon.com\/en\/moving-four-concert-walks\/\" target=\"_self\" rel=\"noopener\" aria-label=\"Details\"> Details <\/a><\/p>\r\n<ul class=\"page-numbers\">\r\n<li>1<\/li>\r\n<li><a href=\"https:\/\/www.ensemble-megaphon.com\/en\/page\/2\/?page_id=1398&amp;fl_builder\">2<\/a><\/li>\r\n<li><a href=\"https:\/\/www.ensemble-megaphon.com\/en\/page\/2\/?page_id=1398&amp;fl_builder\">Weiter \u00bb<\/a><\/li>\r\n<\/ul>","protected":false},"excerpt":{"rendered":"<p>Archiv Starting from Sketch Musik-Bild-Licht- Konzert Fr, 17.12. und Sa, 18.12.2021, jeweils 19 Uhr Kommunales Kino Hannover Eintritt 12\/10 \u20ac VVK: Kommunales Kino Die drei Kompositionen dieses Konzerts beruhen auf demselben Konzept: der musikalisch-darstellerischen Interpretation einer visuellen Vorlage. Drei Arbeiten von Bildenden K\u00fcnstler*innen dienen den Komponist*innen und Musiker*innen als Inspirationsquelle, als skulpturales Instrument oder als [&hellip;]<\/p>\n","protected":false},"author":7,"featured_media":0,"parent":0,"menu_order":0,"comment_status":"closed","ping_status":"closed","template":"","meta":{"_acf_changed":false,"site-sidebar-layout":"default","site-content-layout":"default","ast-site-content-layout":"default","site-content-style":"default","site-sidebar-style":"default","ast-global-header-display":"","ast-banner-title-visibility":"","ast-main-header-display":"","ast-hfb-above-header-display":"","ast-hfb-below-header-display":"","ast-hfb-mobile-header-display":"","site-post-title":"disabled","ast-breadcrumbs-content":"","ast-featured-img":"","footer-sml-layout":"","ast-disable-related-posts":"","theme-transparent-header-meta":"default","adv-header-id-meta":null,"stick-header-meta":"default","header-above-stick-meta":null,"header-main-stick-meta":"","header-below-stick-meta":null,"astra-migrate-meta-layouts":"default","ast-page-background-enabled":"default","ast-page-background-meta":{"desktop":{"background-color":"","background-image":"","background-repeat":"repeat","background-position":"center center","background-size":"auto","background-attachment":"scroll","background-type":"","background-media":"","overlay-type":"","overlay-color":"","overlay-opacity":"","overlay-gradient":""},"tablet":{"background-color":"","background-image":"","background-repeat":"repeat","background-position":"center center","background-size":"auto","background-attachment":"scroll","background-type":"","background-media":"","overlay-type":"","overlay-color":"","overlay-opacity":"","overlay-gradient":""},"mobile":{"background-color":"","background-image":"","background-repeat":"repeat","background-position":"center center","background-size":"auto","background-attachment":"scroll","background-type":"","background-media":"","overlay-type":"","overlay-color":"","overlay-opacity":"","overlay-gradient":""}},"ast-content-background-meta":{"desktop":{"background-color":"var(--ast-global-color-5)","background-image":"","background-repeat":"repeat","background-position":"center center","background-size":"auto","background-attachment":"scroll","background-type":"","background-media":"","overlay-type":"","overlay-color":"","overlay-opacity":"","overlay-gradient":""},"tablet":{"background-color":"var(--ast-global-color-5)","background-image":"","background-repeat":"repeat","background-position":"center center","background-size":"auto","background-attachment":"scroll","background-type":"","background-media":"","overlay-type":"","overlay-color":"","overlay-opacity":"","overlay-gradient":""},"mobile":{"background-color":"var(--ast-global-color-5)","background-image":"","background-repeat":"repeat","background-position":"center center","background-size":"auto","background-attachment":"scroll","background-type":"","background-media":"","overlay-type":"","overlay-color":"","overlay-opacity":"","overlay-gradient":""}},"footnotes":""},"class_list":["post-1398","page","type-page","status-publish","hentry"],"acf":[],"_links":{"self":[{"href":"https:\/\/www.ensemble-megaphon.com\/en\/wp-json\/wp\/v2\/pages\/1398","targetHints":{"allow":["GET"]}}],"collection":[{"href":"https:\/\/www.ensemble-megaphon.com\/en\/wp-json\/wp\/v2\/pages"}],"about":[{"href":"https:\/\/www.ensemble-megaphon.com\/en\/wp-json\/wp\/v2\/types\/page"}],"author":[{"embeddable":true,"href":"https:\/\/www.ensemble-megaphon.com\/en\/wp-json\/wp\/v2\/users\/7"}],"replies":[{"embeddable":true,"href":"https:\/\/www.ensemble-megaphon.com\/en\/wp-json\/wp\/v2\/comments?post=1398"}],"version-history":[{"count":4,"href":"https:\/\/www.ensemble-megaphon.com\/en\/wp-json\/wp\/v2\/pages\/1398\/revisions"}],"predecessor-version":[{"id":52597,"href":"https:\/\/www.ensemble-megaphon.com\/en\/wp-json\/wp\/v2\/pages\/1398\/revisions\/52597"}],"wp:attachment":[{"href":"https:\/\/www.ensemble-megaphon.com\/en\/wp-json\/wp\/v2\/media?parent=1398"}],"curies":[{"name":"wp","href":"https:\/\/api.w.org\/{rel}","templated":true}]}}