{"id":43434,"date":"2021-08-08T16:17:09","date_gmt":"2021-08-08T14:17:09","guid":{"rendered":"https:\/\/ensemble-megaphon.test\/?page_id=43434"},"modified":"2025-01-15T18:57:33","modified_gmt":"2025-01-15T17:57:33","slug":"imprint","status":"publish","type":"page","link":"https:\/\/www.ensemble-megaphon.com\/en\/impressum\/","title":{"rendered":"Imprint"},"content":{"rendered":"<p>Mandatory information according to \u00a75 Telemedia Act<\/p>\n<strong>Blickpunkte e.V.<\/strong><br \/>\nAngerstrasse 16<br \/>\n30161 Hanover<br \/>\nTel.: +49.151.20173376<br \/>\nlenka.zupkova@blickpunkte.info\nResponsible for content according to \u00a7 10 paragraph 3 of the Media State Treaty (MDStV):<br \/>\nLenka \u017dupkov\u00e1 (address see above)\n<p>We publish these contact details as part of our imprint obligation. They may not be used for sending unsolicited advertising.<\/p>\n<p><strong>Liability:<\/strong> The contents of this web project have been carefully checked and compiled to the best of our knowledge. However, no claim is made for the completeness, topicality, quality and correctness of the information presented here. No responsibility can be accepted for damage caused by reliance on the contents of this website or its use.<\/p>\n<p><strong>Copyright:<\/strong> All contents of this website are the property of the publisher. All texts and photos are subject to copyright. Any reproduction or use of the texts and photos requires the express written permission of the publishers.<\/p>\n<p><strong>Left:<\/strong> We assure that the documents to which we refer by link did not contain any illegal content at the time when the link was set. Should the links refer to documents with illegal content in the meantime, we request immediate notification. In such a case, we will remove the link immediately. We expressly distance ourselves from all illegal content on servers for which we are not responsible but to which we provide links.<\/p>\n<p><strong>Severability clause:<\/strong> If sections or individual terms of this statement are not legal or correct, the content or validity of the other parts remain uninfluenced by this fact.<\/p>\n\t\t\t\t<a href=\"https:\/\/mainetcare.de\" target=\"_self\" itemprop=\"url\">\n\t\t\t\t<img loading=\"lazy\" decoding=\"async\" src=\"https:\/\/www.ensemble-megaphon.com\/wp-content\/uploads\/2025\/01\/gerry-fruechtekorb.jpg\" alt=\"MaiNetCare - GmbH - Gerry\" itemprop=\"image\" height=\"1000\" width=\"1000\" title=\"Gerry fruit basket\" onerror=\"this.style.display='none'\"  \/>\n\t\t\t\t<\/a>\n\t<p><em>Our thanks also go at this point to the company <a href=\"https:\/\/mainetcare.de\">MaiNetCare <\/a>- The website gardeners from Berlin for your <a href=\"https:\/\/mainetcare.de\/leistung\/komplettpaket-website-pflege-suchmaschinenoptimierung\/\">Complete website service<\/a><\/em><\/p>","protected":false},"excerpt":{"rendered":"<p>Pflichtangaben lt. \u00a75 Telemediengesetz Blickpunkte e.V. Angerstra\u00dfe 16 30161 Hannover Tel.: +49.151.20173376 lenka.zupkova@blickpunkte.info Inhaltlich Verantwortliche gem\u00e4\u00df \u00a7 10 Absatz 3 des Medienstaatsvertrages (MDStV): Lenka \u017dupkov\u00e1 (Anschrift siehe oben) Diese Kontaktdaten ver\u00f6ffentlichen wir im Rahmen unserer Impressumspflicht. Sie d\u00fcrfen nicht zur Zusendung von nicht ausdr\u00fccklich angeforderter Werbung verwendet werden. Haftung: Die Inhalte dieses Webprojektes wurden sorgf\u00e4ltig [&hellip;]<\/p>\n","protected":false},"author":7,"featured_media":0,"parent":0,"menu_order":0,"comment_status":"closed","ping_status":"closed","template":"","meta":{"_acf_changed":false,"site-sidebar-layout":"no-sidebar","site-content-layout":"page-builder","ast-site-content-layout":"full-width-container","site-content-style":"unboxed","site-sidebar-style":"unboxed","ast-global-header-display":"","ast-banner-title-visibility":"","ast-main-header-display":"","ast-hfb-above-header-display":"","ast-hfb-below-header-display":"","ast-hfb-mobile-header-display":"","site-post-title":"disabled","ast-breadcrumbs-content":"","ast-featured-img":"disabled","footer-sml-layout":"","ast-disable-related-posts":"","theme-transparent-header-meta":"default","adv-header-id-meta":"","stick-header-meta":"default","header-above-stick-meta":"","header-main-stick-meta":"","header-below-stick-meta":"","astra-migrate-meta-layouts":"set","ast-page-background-enabled":"default","ast-page-background-meta":{"desktop":{"background-color":"","background-image":"","background-repeat":"repeat","background-position":"center center","background-size":"auto","background-attachment":"scroll","background-type":"","background-media":"","overlay-type":"","overlay-color":"","overlay-opacity":"","overlay-gradient":""},"tablet":{"background-color":"","background-image":"","background-repeat":"repeat","background-position":"center center","background-size":"auto","background-attachment":"scroll","background-type":"","background-media":"","overlay-type":"","overlay-color":"","overlay-opacity":"","overlay-gradient":""},"mobile":{"background-color":"","background-image":"","background-repeat":"repeat","background-position":"center center","background-size":"auto","background-attachment":"scroll","background-type":"","background-media":"","overlay-type":"","overlay-color":"","overlay-opacity":"","overlay-gradient":""}},"ast-content-background-meta":{"desktop":{"background-color":"var(--ast-global-color-5)","background-image":"","background-repeat":"repeat","background-position":"center center","background-size":"auto","background-attachment":"scroll","background-type":"","background-media":"","overlay-type":"","overlay-color":"","overlay-opacity":"","overlay-gradient":""},"tablet":{"background-color":"var(--ast-global-color-5)","background-image":"","background-repeat":"repeat","background-position":"center center","background-size":"auto","background-attachment":"scroll","background-type":"","background-media":"","overlay-type":"","overlay-color":"","overlay-opacity":"","overlay-gradient":""},"mobile":{"background-color":"var(--ast-global-color-5)","background-image":"","background-repeat":"repeat","background-position":"center center","background-size":"auto","background-attachment":"scroll","background-type":"","background-media":"","overlay-type":"","overlay-color":"","overlay-opacity":"","overlay-gradient":""}},"footnotes":""},"class_list":["post-43434","page","type-page","status-publish","hentry"],"acf":[],"_links":{"self":[{"href":"https:\/\/www.ensemble-megaphon.com\/en\/wp-json\/wp\/v2\/pages\/43434","targetHints":{"allow":["GET"]}}],"collection":[{"href":"https:\/\/www.ensemble-megaphon.com\/en\/wp-json\/wp\/v2\/pages"}],"about":[{"href":"https:\/\/www.ensemble-megaphon.com\/en\/wp-json\/wp\/v2\/types\/page"}],"author":[{"embeddable":true,"href":"https:\/\/www.ensemble-megaphon.com\/en\/wp-json\/wp\/v2\/users\/7"}],"replies":[{"embeddable":true,"href":"https:\/\/www.ensemble-megaphon.com\/en\/wp-json\/wp\/v2\/comments?post=43434"}],"version-history":[{"count":4,"href":"https:\/\/www.ensemble-megaphon.com\/en\/wp-json\/wp\/v2\/pages\/43434\/revisions"}],"predecessor-version":[{"id":73259,"href":"https:\/\/www.ensemble-megaphon.com\/en\/wp-json\/wp\/v2\/pages\/43434\/revisions\/73259"}],"wp:attachment":[{"href":"https:\/\/www.ensemble-megaphon.com\/en\/wp-json\/wp\/v2\/media?parent=43434"}],"curies":[{"name":"wp","href":"https:\/\/api.w.org\/{rel}","templated":true}]}}