{"id":509,"date":"2017-07-10T16:08:43","date_gmt":"2017-07-10T14:08:43","guid":{"rendered":"http:\/\/cms.ensemble-megaphon.com\/?page_id=509"},"modified":"2024-03-04T14:46:13","modified_gmt":"2024-03-04T13:46:13","slug":"artists","status":"publish","type":"page","link":"https:\/\/www.ensemble-megaphon.com\/en\/kuenstler\/","title":{"rendered":"Ensemble"},"content":{"rendered":"<h1>\n\t\tEnsemble Megaphon\n\t<\/h1>\n\t\t\t\t<a href=\"https:\/\/www.ensemble-megaphon.com\/wp-content\/uploads\/2021\/08\/ensemble-megaphon-copyright-ghazaleh-ghazanfari-web.jpg\" target=\"_self\" itemprop=\"url\" rel=\"noopener\">\n\t\t\t\t<img loading=\"lazy\" decoding=\"async\" src=\"https:\/\/www.ensemble-megaphon.com\/wp-content\/uploads\/2021\/08\/ensemble-megaphon-copyright-ghazaleh-ghazanfari-web.jpg\" alt=\"Photo all members of the Ensemble Megaphon\" itemprop=\"image\" height=\"1067\" width=\"1600\" title=\"Photo: Ghazaleh Ghazanfari, (copyright)\" onerror=\"this.style.display='none'\"  \/>\n\t\t\t\t<\/a>\n\t<h2>Ensemble Megaphon: Drawer? Does not fit!<\/h2>\n<p>Ensemble Megaphon is a collective of international artists founded in 2007 by Czech violinist Lenka \u017dupkov\u00e1. The creative focus of the ensemble is on the interfaces between contemporary music and media, music theatre, conceptual improvisation and live electronics, as well as the juxtaposition of avant-garde with early music.<\/p>\n<h2>Musical spatial stagings and performances<\/h2>\n<p>The artists of the Megaphon ensemble are specialists in spatial stagings and site-specific performances as well as concerts in unusual spaces. With passion and a love of experimentation, they develop and realise new performance formats in which they combine video, sound art, dance and drama.<\/p>\n<h2>Environment, politics and integration as thematic focal points<\/h2>\n<p>Using the complex means and possibilities of music theatre, they place art in a new context to pose questions about ecological and political contexts. The projects are thematically, politically and socially oriented. Environment, ecology and social systems are important topics for the ensemble and intercultural encounters with artists from Syria, Armenia, Iran and Turkey are an important concern.<\/p>\n<h2>International - Interdisciplinary - Educational<\/h2>\nThe Ensemble Megaphon regularly works with composers such as:  A. Schl\u00fcnz, S. Nesic, B. K\u00f6nig, H. Tulve, K.Reese, J.Hodkinson, G.Eckert, J.G.Stastny, M.Eggert, T. Prelevic, D. Morreira, Ch.Seither, E. Ebrahimi, V. Globokar and many more, and commissions compositions from young composers.<br \/>\nMore than 60 works have been written and premiered for the ensemble to date.\n<p>Under the direction of music theatre pedagogues, the ensemble regularly realises participative <a href=\"https:\/\/www.ensemble-megaphon.com\/en\/music-education\/\">Mediation projects and pedagogical-artistic actions.<\/a><\/p>\n<h2>Organisation and promotion<\/h2>\n<p>The association\u00a0<a href=\"https:\/\/www.ensemble-megaphon.com\/en\/viewpoints\/\">Blickpunkte e.V.<\/a>\u00a0provides organisational support for the projects of the ensemble Megaphon. Since 2019, Ensemble Megaphon has been institutionally supported by the City of Hanover and Kulturb\u00fcro Hannover.<\/p>\n<h2>Scholarships<\/h2>\n2020 Reload Scholarship of the Federal Cultural Foundation<br \/>\n2021: Restart of the ensemble's promotion funding<br \/>\n2022 Culture Award of the Evangelical Lutheran Church of Hanover\n<h2>\n\t\tArtists\n\t<\/h2>\n<h2>\n\t\tNetworks and memberships\n\t<\/h2>\n\t<p><a href=\"https:\/\/netzwerkfreiesmusiktheater.de\/\">Network Free Music Theatre<\/a><\/p>\n<p>&nbsp;<\/p>\n\t<p><a href=\"https:\/\/stimmex.de\/\">Voice X<\/a><\/p>\n\t<p><a href=\"https:\/\/freo.online\/\" target=\"_blank\" rel=\"noopener\" data-saferedirecturl=\"https:\/\/www.google.com\/url?q=https:\/\/freo.online\/&amp;source=gmail&amp;ust=1694452449271000&amp;usg=AOvVaw3SngaJOACPeKQJC8ROk6L2\">FREO<\/a><\/p>\n\t<p><a href=\"https:\/\/freie-klassik-niedersachsen.de\/\">State Association of the Independent Classical Music Scene Lower Saxony<\/a><\/p>\n\t<p><a href=\"https:\/\/dievielen.de\/der-verein\">The Many<\/a><\/p>\n\t<p><a href=\"https:\/\/www.kulturschluessel-nds.de\/uber-uns\/\">Cultural Key Lower Saxony<\/a><\/p>\n\t<p><a href=\"http:\/\/rampe.works\/\">Ramp Works<\/a><\/p>","protected":false},"excerpt":{"rendered":"<p>Ensemble Megaphon Ensemble Megaphon: Schublade? Passt nicht! Das Ensemble Megaphon ist ein Kollektiv internationaler K\u00fcnstler*innen und wurde im Jahr 2007 von der tschechischen Geigerin Lenka \u017dupkov\u00e1 gegr\u00fcndet. Der sch\u00f6pferische Schwerpunkt\u00a0des Ensembles liegt sowohl auf den Schnittstellen zwischen zeitgen\u00f6ssischer Musik und Medien, Musiktheater, konzeptueller Improvisation und Live-Elektronik als auch in der Gegen\u00fcberstellung von Avantgarde mit Alter [&hellip;]<\/p>\n","protected":false},"author":7,"featured_media":0,"parent":0,"menu_order":3,"comment_status":"closed","ping_status":"closed","template":"","meta":{"_acf_changed":false,"site-sidebar-layout":"default","site-content-layout":"default","ast-site-content-layout":"default","site-content-style":"default","site-sidebar-style":"default","ast-global-header-display":"","ast-banner-title-visibility":"","ast-main-header-display":"","ast-hfb-above-header-display":"","ast-hfb-below-header-display":"","ast-hfb-mobile-header-display":"","site-post-title":"disabled","ast-breadcrumbs-content":"","ast-featured-img":"","footer-sml-layout":"","ast-disable-related-posts":"","theme-transparent-header-meta":"default","adv-header-id-meta":null,"stick-header-meta":"default","header-above-stick-meta":null,"header-main-stick-meta":"","header-below-stick-meta":null,"astra-migrate-meta-layouts":"default","ast-page-background-enabled":"default","ast-page-background-meta":{"desktop":{"background-color":"","background-image":"","background-repeat":"repeat","background-position":"center center","background-size":"auto","background-attachment":"scroll","background-type":"","background-media":"","overlay-type":"","overlay-color":"","overlay-opacity":"","overlay-gradient":""},"tablet":{"background-color":"","background-image":"","background-repeat":"repeat","background-position":"center center","background-size":"auto","background-attachment":"scroll","background-type":"","background-media":"","overlay-type":"","overlay-color":"","overlay-opacity":"","overlay-gradient":""},"mobile":{"background-color":"","background-image":"","background-repeat":"repeat","background-position":"center center","background-size":"auto","background-attachment":"scroll","background-type":"","background-media":"","overlay-type":"","overlay-color":"","overlay-opacity":"","overlay-gradient":""}},"ast-content-background-meta":{"desktop":{"background-color":"var(--ast-global-color-5)","background-image":"","background-repeat":"repeat","background-position":"center center","background-size":"auto","background-attachment":"scroll","background-type":"","background-media":"","overlay-type":"","overlay-color":"","overlay-opacity":"","overlay-gradient":""},"tablet":{"background-color":"var(--ast-global-color-5)","background-image":"","background-repeat":"repeat","background-position":"center center","background-size":"auto","background-attachment":"scroll","background-type":"","background-media":"","overlay-type":"","overlay-color":"","overlay-opacity":"","overlay-gradient":""},"mobile":{"background-color":"var(--ast-global-color-5)","background-image":"","background-repeat":"repeat","background-position":"center center","background-size":"auto","background-attachment":"scroll","background-type":"","background-media":"","overlay-type":"","overlay-color":"","overlay-opacity":"","overlay-gradient":""}},"footnotes":""},"class_list":["post-509","page","type-page","status-publish","hentry"],"acf":[],"_links":{"self":[{"href":"https:\/\/www.ensemble-megaphon.com\/en\/wp-json\/wp\/v2\/pages\/509","targetHints":{"allow":["GET"]}}],"collection":[{"href":"https:\/\/www.ensemble-megaphon.com\/en\/wp-json\/wp\/v2\/pages"}],"about":[{"href":"https:\/\/www.ensemble-megaphon.com\/en\/wp-json\/wp\/v2\/types\/page"}],"author":[{"embeddable":true,"href":"https:\/\/www.ensemble-megaphon.com\/en\/wp-json\/wp\/v2\/users\/7"}],"replies":[{"embeddable":true,"href":"https:\/\/www.ensemble-megaphon.com\/en\/wp-json\/wp\/v2\/comments?post=509"}],"version-history":[{"count":17,"href":"https:\/\/www.ensemble-megaphon.com\/en\/wp-json\/wp\/v2\/pages\/509\/revisions"}],"predecessor-version":[{"id":72959,"href":"https:\/\/www.ensemble-megaphon.com\/en\/wp-json\/wp\/v2\/pages\/509\/revisions\/72959"}],"wp:attachment":[{"href":"https:\/\/www.ensemble-megaphon.com\/en\/wp-json\/wp\/v2\/media?parent=509"}],"curies":[{"name":"wp","href":"https:\/\/api.w.org\/{rel}","templated":true}]}}