{"id":843,"date":"2017-07-18T20:09:40","date_gmt":"2017-07-18T18:09:40","guid":{"rendered":"http:\/\/cms.ensemble-megaphon.com\/?page_id=843"},"modified":"2025-01-29T17:38:52","modified_gmt":"2025-01-29T16:38:52","slug":"viewpoints","status":"publish","type":"page","link":"https:\/\/www.ensemble-megaphon.com\/en\/blickpunkte\/","title":{"rendered":"blickpunkte e.V."},"content":{"rendered":"<img loading=\"lazy\" decoding=\"async\" src=\"https:\/\/www.ensemble-megaphon.com\/wp-content\/uploads\/2021\/08\/blickpunkte-logo2019.png\" alt=\"Logo: Blickpunkte e.V.\" itemprop=\"image\" height=\"512\" width=\"1984\" onerror=\"this.style.display='none'\"  \/>\n\t<p>Our organisation's work focuses on interdisciplinary cultural projects as well as the mediation of different musical genres and styles. In collaboration with artists, educators and young people with and without disabilities, we develop innovative performance formats and cross-genre, participatory projects. Creative dialogue and exchange are at the forefront of this work. In particular, we provide organisational and financial support for the projects of the Megaphon ensemble.<\/p>\n<h3>We would like to...<\/h3>\n<ul>\n<li>develop and implement innovative music concepts.<\/li>\n<li><a href=\"https:\/\/www.ensemble-megaphon.com\/en\/projects\/\" data-saferedirecturl=\"https:\/\/www.google.com\/url?q=https:\/\/www.ensemble-megaphon.com\/projekte\/&amp;source=gmail&amp;ust=1738252964437000&amp;usg=AOvVaw2tFodg7zYiZ1w1aing2TxW\">interdisciplinary projects<\/a> from the fields of classical and contemporary music, music theatre, dance and performance.<\/li>\n<li><a href=\"https:\/\/www.ensemble-megaphon.com\/en\/music-education\/\" data-saferedirecturl=\"https:\/\/www.google.com\/url?q=https:\/\/www.ensemble-megaphon.com\/musikvermittlung\/&amp;source=gmail&amp;ust=1738252964437000&amp;usg=AOvVaw1TB-7bjQHH_vGA4bSmuTvJ\">Facilitate participatory and inclusive pedagogical-artistic projects and workshops for children and young people.<\/a>.<\/li>\n<li>promote creativity, democracy and tolerance through artistic exploration of various topics.<\/li>\n<li>create access to culture for diverse target groups.<\/li>\n<li>support the projects of the Ensemble Megaphon organisationally and financially.<\/li>\n<li>mediate and organise international cultural projects.<\/li>\n<\/ul>\n<h3>Our philosophy<\/h3>\n<p>Every culture, especially every kind of ambitious art, needs to be communicated to specific audiences. With our educational outreach projects, we want to enable children and young people to engage with music and culture.<\/p>\n<p>Cultural education in the broadest sense - dance, theatre and music projects - offers children and young people, especially those from educationally disadvantaged backgrounds, an opportunity to engage with music, culture, but also with society and other topics. Such projects give them the opportunity to try things out and perhaps get to know themselves in a new way. The artistically motivated attention also creates an inclusive framework in which the children and young people can work together artistically.<\/p>\n<p>Moreover, artistic approaches help them to see the world with different eyes. Those who deal with art in a creative or receptive way negotiate questions about life. Art as part of cultural education is a communication space, a design field for experiments and a self-education laboratory.<\/p>\n<h3>Supporters and sponsors<\/h3>\n<p>Since the organisation was founded in 2009, we have received great public appreciation. Blickpunkte e.V. has been and continues to be supported and funded by numerous institutions, including the Ministry of Science and Culture of Lower Saxony, the Klosterkammer Hannover, the Lower Saxony Foundation and the Nieders\u00e4chsische Sparkassenstiftung. Since 2019, we have received institutional funding from the Cultural Office of the LHH Hannover.<\/p>\n<p>But in order for a non-profit association like Blickpunkte e.V. not to depend solely on public recognition, we need your support.<\/p>\n<strong>Together we can make a big difference, whether through individual, corporate or sustaining memberships.<br \/>\n<\/strong>Become a member!<strong> \u00a0<\/strong>We look forward to seeing you.\n\t\t\t<a href=\"https:\/\/www.ensemble-megaphon.com\/wp-content\/uploads\/2023\/03\/satzung-blickpunkte-final-gueltig-2023.pdf\" target=\"_self\">\n\t\t\t\t\t\t\tStatutes\n\t\t\t\t\t<\/a>\n\t<h3>Promotion: Make new sounds possible!<\/h3>\n<p>Choose for yourself which projects you would like to support! Project-linked funding means targeted support for concrete projects clearly structured in terms of time, space and content: from postage for invitation cards for the next premiere to rent for rehearsal rooms to building materials for a youth workshop for self-built sound objects. You can also support projects through material support\/donations in kind. Make new sounds possible!<\/p>\n<p>Or donate: once or even regularly. With your donation you ensure the continuity and sustainability of our work.<\/p>\n<p>Together we create new projects!<\/p>\n<p>Become a sponsor and you too will win:<\/p>\n<ul>\n<li>Mention of your name or that of your company at the beginning of the events in a welcome speech and, of course, on all advertising posters, programme flyers and tickets as well as - with additional information - in the programme booklet and on the Internet, both on the association's own homepage and in public social networks<\/li>\n<li>Free tickets and special tickets for you, your friends, your employees, your clients<\/li>\n<li>exclusive meetings with our musicians after our events<\/li>\n<\/ul>\n<p>We look forward to seeing you!<\/p>\n\t<h3>Team<\/h3>\n1st Chairperson<br \/>\n<strong>Lenka \u017dupkov\u00e1<\/strong>\n2nd Chairman<br \/>\n<strong>Andre Bartetzki<\/strong>\nProject management<br \/>\n<strong>Karsten Barthold<\/strong>\nProject assistance<br \/>\n<strong>Iris Brandner<br \/>\n<\/strong>\nPress and public relations<br \/>\n<strong>Claudia Pahl<\/strong>\nOnline PR and social media marketing<br \/>\n<b>Markus Golletz<\/b>\nMusic education and project management<br \/>\n<strong>Katja Krause<\/strong>\nWebsite administration<br \/>\n<strong><a href=\"https:\/\/mainetcare.de\/\">\ud83d\udc68\u200d\ud83c\udf3e MaiNetCare GmbH<\/a><br \/>\n<\/strong>\nGraphic<br \/>\n<strong>Ralf Rohde<\/strong>\nAccounting<br \/>\n<strong>Diane B\u00f6se<\/strong>\nProject Consultant<br \/>\n<strong>Astrid Hagenguth<\/strong>","protected":false},"excerpt":{"rendered":"<p>Im Mittelpunkt unserer Vereinsarbeit stehen sowohl interdisziplin\u00e4re Kulturprojekte als auch Vermittlung von verschiedenen Musikrichtungen und Stilen. In Zusammenarbeit mit K\u00fcnstler*innen, P\u00e4dagog*innen und jungen Menschen mit und ohne Behinderung entwickeln wir innovative Auff\u00fchrungsformate und genre\u00fcbergreifende, partizipative Projekte. Dabei stehen die kreative Auseinandersetzung und der Austausch im Vordergrund dieser Arbeit. Namentlich die Projekte des Ensembles Megaphon werden [&hellip;]<\/p>\n","protected":false},"author":7,"featured_media":0,"parent":0,"menu_order":7,"comment_status":"closed","ping_status":"closed","template":"","meta":{"_acf_changed":false,"site-sidebar-layout":"default","site-content-layout":"default","ast-site-content-layout":"default","site-content-style":"default","site-sidebar-style":"default","ast-global-header-display":"","ast-banner-title-visibility":"","ast-main-header-display":"","ast-hfb-above-header-display":"","ast-hfb-below-header-display":"","ast-hfb-mobile-header-display":"","site-post-title":"disabled","ast-breadcrumbs-content":"","ast-featured-img":"","footer-sml-layout":"","ast-disable-related-posts":"","theme-transparent-header-meta":"default","adv-header-id-meta":"","stick-header-meta":"default","header-above-stick-meta":"","header-main-stick-meta":"","header-below-stick-meta":"","astra-migrate-meta-layouts":"set","ast-page-background-enabled":"default","ast-page-background-meta":{"desktop":{"background-color":"","background-image":"","background-repeat":"repeat","background-position":"center center","background-size":"auto","background-attachment":"scroll","background-type":"","background-media":"","overlay-type":"","overlay-color":"","overlay-opacity":"","overlay-gradient":""},"tablet":{"background-color":"","background-image":"","background-repeat":"repeat","background-position":"center center","background-size":"auto","background-attachment":"scroll","background-type":"","background-media":"","overlay-type":"","overlay-color":"","overlay-opacity":"","overlay-gradient":""},"mobile":{"background-color":"","background-image":"","background-repeat":"repeat","background-position":"center center","background-size":"auto","background-attachment":"scroll","background-type":"","background-media":"","overlay-type":"","overlay-color":"","overlay-opacity":"","overlay-gradient":""}},"ast-content-background-meta":{"desktop":{"background-color":"var(--ast-global-color-5)","background-image":"","background-repeat":"repeat","background-position":"center center","background-size":"auto","background-attachment":"scroll","background-type":"","background-media":"","overlay-type":"","overlay-color":"","overlay-opacity":"","overlay-gradient":""},"tablet":{"background-color":"var(--ast-global-color-5)","background-image":"","background-repeat":"repeat","background-position":"center center","background-size":"auto","background-attachment":"scroll","background-type":"","background-media":"","overlay-type":"","overlay-color":"","overlay-opacity":"","overlay-gradient":""},"mobile":{"background-color":"var(--ast-global-color-5)","background-image":"","background-repeat":"repeat","background-position":"center center","background-size":"auto","background-attachment":"scroll","background-type":"","background-media":"","overlay-type":"","overlay-color":"","overlay-opacity":"","overlay-gradient":""}},"footnotes":""},"class_list":["post-843","page","type-page","status-publish","hentry"],"acf":[],"_links":{"self":[{"href":"https:\/\/www.ensemble-megaphon.com\/en\/wp-json\/wp\/v2\/pages\/843","targetHints":{"allow":["GET"]}}],"collection":[{"href":"https:\/\/www.ensemble-megaphon.com\/en\/wp-json\/wp\/v2\/pages"}],"about":[{"href":"https:\/\/www.ensemble-megaphon.com\/en\/wp-json\/wp\/v2\/types\/page"}],"author":[{"embeddable":true,"href":"https:\/\/www.ensemble-megaphon.com\/en\/wp-json\/wp\/v2\/users\/7"}],"replies":[{"embeddable":true,"href":"https:\/\/www.ensemble-megaphon.com\/en\/wp-json\/wp\/v2\/comments?post=843"}],"version-history":[{"count":15,"href":"https:\/\/www.ensemble-megaphon.com\/en\/wp-json\/wp\/v2\/pages\/843\/revisions"}],"predecessor-version":[{"id":73263,"href":"https:\/\/www.ensemble-megaphon.com\/en\/wp-json\/wp\/v2\/pages\/843\/revisions\/73263"}],"wp:attachment":[{"href":"https:\/\/www.ensemble-megaphon.com\/en\/wp-json\/wp\/v2\/media?parent=843"}],"curies":[{"name":"wp","href":"https:\/\/api.w.org\/{rel}","templated":true}]}}